{"id":3321,"date":"2024-01-02T14:12:08","date_gmt":"2024-01-02T13:12:08","guid":{"rendered":"https:\/\/beyondbelgrade.com\/oglasavaj-se\/"},"modified":"2025-09-16T17:43:42","modified_gmt":"2025-09-16T15:43:42","slug":"oglasavaj-se","status":"publish","type":"page","link":"https:\/\/beyondbelgrade.com\/sr\/oglasavaj-se\/","title":{"rendered":"Ogla\u0161avaj se"},"content":{"rendered":"\n<div class=\"wp-block-uagb-container uagb-block-a7cfae60 alignfull uagb-is-root-container\"><div class=\"uagb-container-inner-blocks-wrap\">\n<div class=\"wp-block-uagb-advanced-heading uagb-block-36872e84\"><h1 class=\"uagb-heading-text\">Ogla\u0161avaj se.<\/h1><\/div>\n<\/div><\/div>\n\n<div class=\"wp-block-uagb-container uagb-block-19e21f50 alignfull uagb-is-root-container\"><div class=\"uagb-container-inner-blocks-wrap\">\n<div class=\"wp-block-uagb-container uagb-block-6b1d99c3\">\n<div class=\"wp-block-uagb-advanced-heading uagb-block-f806d1f4\"><h2 class=\"uagb-heading-text\">Dosegni nove kupce.<\/h2><\/div>\n<\/div>\n\n\n\n<div class=\"wp-block-uagb-container uagb-block-1cd822df\">\n<div class=\"wp-block-uagb-info-box uagb-block-1b914165 uagb-infobox__content-wrap  uagb-infobox-icon-above-title uagb-infobox-image-valign-top\"><div class=\"uagb-ifb-content\"><div class=\"uagb-ifb-title-wrap\"><span class=\"uagb-ifb-title-prefix\"><strong>Na BeyondBelgrade.com, ne radi se samo o predstavljanju o\u010daravaju\u0107eg grada Beograda; radi se o stvaranju revolucionarnog putni\u010dkog iskustva. Na\u0161a platforma je jedinstvena me\u0161avina napredne AI tehnologije i ljudske stru\u010dnosti, nude\u0107i neuporedive uvide u srce i du\u0161u Beograda. <\/strong><\/span><\/div><p class=\"uagb-ifb-desc\">Na\u0161a misija je da svako putovanje u\u010dinimo nezaboravnim, i pozivamo te da bude\u0161 deo ovog putovanja<\/p><\/div><\/div>\n<\/div>\n<\/div><\/div>\n\n<div class=\"wp-block-uagb-container uagb-block-889e5ebc alignfull uagb-is-root-container\"><div class=\"uagb-container-inner-blocks-wrap\">\n<div class=\"wp-block-uagb-container uagb-block-d6956898\">\n<div class=\"wp-block-uagb-advanced-heading uagb-block-f5aeba5a\"><h2 class=\"uagb-heading-text\"><strong>Prava publika<\/strong>.<\/h2><p class=\"uagb-desc-text\">Na\u0161 sajt je centar za turiste i ljubitelje putovanja koji planiraju da posete Beograd. Ogla\u0161avanje kod nas zna\u010di da tvoja poruka dopire do anga\u017eovane, putovanjima vi\u010dne publike koja aktivno tra\u017ei preporuke restorana, vodi\u010de za barove i jedinstvena iskustva u Beogradu. <\/p><\/div>\n<\/div>\n\n\n\n<div class=\"wp-block-uagb-container uagb-block-73065001\">\n<div class=\"wp-block-uagb-advanced-heading uagb-block-68ced2bc\"><h2 class=\"uagb-heading-text\"><strong>Inovativna platforma<\/strong>.<\/h2><p class=\"uagb-desc-text\">Koristimo AI tehnologiju da pru\u017eimo dinami\u010dan, personalizovan sadr\u017eaj za putovanja, \u010dine\u0107i nas predvodnikom u oblasti putovanja. Tvoj brend \u0107e biti povezan sa inovacijama i vrhunskom tehnologijom. <\/p><\/div>\n<\/div>\n\n\n\n<div class=\"wp-block-uagb-container uagb-block-e85b7525\">\n<div class=\"wp-block-uagb-advanced-heading uagb-block-80c125ef\"><h2 class=\"uagb-heading-text\"><strong>Autenti\u010dno anga\u017eovanje<\/strong><\/h2><\/div>\n\n\n\n<p>Na\u0161a posve\u0107enost autenti\u010dnosti i avanturi odjekuje kod na\u0161e publike. Ne samo da navodimo mesta; pri\u010damo pri\u010de i stvaramo veze, nude\u0107i bogat kontekst za tvoje reklame. <\/p>\n<\/div>\n<\/div><\/div>\n\n<div class=\"wp-block-uagb-container uagb-block-a7374050 alignfull uagb-is-root-container\"><div class=\"uagb-container-inner-blocks-wrap\">\n<div style=\"height:29px\" aria-hidden=\"true\" class=\"wp-block-spacer\"><\/div>\n\n\n\n<div class=\"wp-block-uagb-advanced-heading uagb-block-952ee6f2\"><h2 class=\"uagb-heading-text\"><strong>Mogu\u0107nosti ogla\u0161avanja<\/strong>.<\/h2><\/div>\n\n\n\n<p><strong>Baner oglasi<\/strong>: Postavi svoj brend istaknuto na na\u0161em sajtu sa prilago\u0111enim baner oglasima koji privla\u010de pa\u017enju i podsti\u010du anga\u017eovanje.<\/p>\n\n\n\n<p><strong>Sponzorisane objave<\/strong>: Sara\u0111uj sa nama za sponzorisani sadr\u017eaj koji se neprimetno integri\u0161e sa na\u0161im autenti\u010dnim, informativnim \u010dlancima i vodi\u010dima.<\/p>\n\n\n\n<hr class=\"wp-block-separator has-alpha-channel-opacity is-style-dots\"\/>\n\n\n\n<h2 class=\"wp-block-heading\">Pridru\u017ei se avanturi.<\/h2>\n\n\n\n<p>Jesi li spreman da se pove\u017ee\u0161 sa publikom koja je jednako strastvena prema putovanjima i otkri\u0107ima kao i ti? <\/p>\n\n\n\n<p>Uzbu\u0111eni smo da istra\u017eimo mogu\u0107nosti partnerstva sa tobom. Da zapo\u010dne\u0161 svoje ogla\u0161iva\u010dko putovanje sa BeyondBelgrade.com, obrati nam se na <a>hello@beyondbelgrade.com<\/a>. <\/p>\n<\/div><\/div>\n","protected":false},"excerpt":{"rendered":"<p>Ogla\u0161avaj se. Dosegni nove kupce. Prava publika. Na\u0161 sajt je centar za turiste i ljubitelje putovanja koji planiraju da posete Beograd. Ogla\u0161avanje kod nas zna\u010di da tvoja poruka dopire do anga\u017eovane, putovanjima vi\u010dne publike koja aktivno tra\u017ei preporuke restorana, vodi\u010de za barove i jedinstvena iskustva u Beogradu. Inovativna platforma. Koristimo AI tehnologiju da pru\u017eimo dinami\u010dan, [&hellip;]<\/p>\n","protected":false},"author":1,"featured_media":0,"parent":0,"menu_order":0,"comment_status":"closed","ping_status":"closed","template":"","meta":{"_uag_custom_page_level_css":"","site-sidebar-layout":"no-sidebar","site-content-layout":"plain-container","ast-site-content-layout":"normal-width-container","site-content-style":"unboxed","site-sidebar-style":"unboxed","ast-global-header-display":"","ast-banner-title-visibility":"","ast-main-header-display":"","ast-hfb-above-header-display":"","ast-hfb-below-header-display":"","ast-hfb-mobile-header-display":"","site-post-title":"disabled","ast-breadcrumbs-content":"","ast-featured-img":"disabled","footer-sml-layout":"","theme-transparent-header-meta":"enabled","adv-header-id-meta":"","stick-header-meta":"","header-above-stick-meta":"","header-main-stick-meta":"","header-below-stick-meta":"","astra-migrate-meta-layouts":"default","ast-page-background-enabled":"default","ast-page-background-meta":{"desktop":{"background-color":"","background-image":"","background-repeat":"repeat","background-position":"center center","background-size":"auto","background-attachment":"scroll","background-type":"","background-media":"","overlay-type":"","overlay-color":"","overlay-opacity":"","overlay-gradient":""},"tablet":{"background-color":"","background-image":"","background-repeat":"repeat","background-position":"center center","background-size":"auto","background-attachment":"scroll","background-type":"","background-media":"","overlay-type":"","overlay-color":"","overlay-opacity":"","overlay-gradient":""},"mobile":{"background-color":"","background-image":"","background-repeat":"repeat","background-position":"center center","background-size":"auto","background-attachment":"scroll","background-type":"","background-media":"","overlay-type":"","overlay-color":"","overlay-opacity":"","overlay-gradient":""}},"ast-content-background-meta":{"desktop":{"background-color":"var(--ast-global-color-5)","background-image":"","background-repeat":"repeat","background-position":"center center","background-size":"auto","background-attachment":"scroll","background-type":"","background-media":"","overlay-type":"","overlay-color":"","overlay-opacity":"","overlay-gradient":""},"tablet":{"background-color":"var(--ast-global-color-5)","background-image":"","background-repeat":"repeat","background-position":"center center","background-size":"auto","background-attachment":"scroll","background-type":"","background-media":"","overlay-type":"","overlay-color":"","overlay-opacity":"","overlay-gradient":""},"mobile":{"background-color":"var(--ast-global-color-5)","background-image":"","background-repeat":"repeat","background-position":"center center","background-size":"auto","background-attachment":"scroll","background-type":"","background-media":"","overlay-type":"","overlay-color":"","overlay-opacity":"","overlay-gradient":""}},"footnotes":""},"class_list":["post-3321","page","type-page","status-publish","hentry"],"yoast_head":"<!-- This site is optimized with the Yoast SEO plugin v27.3 - https:\/\/yoast.com\/product\/yoast-seo-wordpress\/ -->\n<title>Ogla\u0161avaj se - Beyond Belgrade<\/title>\n<meta name=\"robots\" content=\"index, follow, max-snippet:-1, max-image-preview:large, max-video-preview:-1\" \/>\n<link rel=\"canonical\" href=\"https:\/\/beyondbelgrade.com\/sr\/oglasavaj-se\/\" \/>\n<meta property=\"og:locale\" content=\"sr_RS\" \/>\n<meta property=\"og:type\" content=\"article\" \/>\n<meta property=\"og:title\" content=\"Ogla\u0161avaj se - Beyond Belgrade\" \/>\n<meta property=\"og:description\" content=\"Ogla\u0161avaj se. Dosegni nove kupce. Prava publika. Na\u0161 sajt je centar za turiste i ljubitelje putovanja koji planiraju da posete Beograd. Ogla\u0161avanje kod nas zna\u010di da tvoja poruka dopire do anga\u017eovane, putovanjima vi\u010dne publike koja aktivno tra\u017ei preporuke restorana, vodi\u010de za barove i jedinstvena iskustva u Beogradu. Inovativna platforma. Koristimo AI tehnologiju da pru\u017eimo dinami\u010dan, [&hellip;]\" \/>\n<meta property=\"og:url\" content=\"https:\/\/beyondbelgrade.com\/sr\/oglasavaj-se\/\" \/>\n<meta property=\"og:site_name\" content=\"Beyond Belgrade\" \/>\n<meta property=\"article:modified_time\" content=\"2025-09-16T15:43:42+00:00\" \/>\n<meta property=\"og:image\" content=\"https:\/\/beyondbelgrade.com\/wp-content\/uploads\/2023\/06\/Beyond-Belgrade.png\" \/>\n\t<meta property=\"og:image:width\" content=\"800\" \/>\n\t<meta property=\"og:image:height\" content=\"275\" \/>\n\t<meta property=\"og:image:type\" content=\"image\/png\" \/>\n<meta name=\"twitter:card\" content=\"summary_large_image\" \/>\n<meta name=\"twitter:label1\" content=\"\u041f\u0440\u043e\u0446\u0435\u045a\u0435\u043d\u043e \u0432\u0440\u0435\u043c\u0435 \u0447\u0438\u0442\u0430\u045a\u0430\" \/>\n\t<meta name=\"twitter:data1\" content=\"1 \u043c\u0438\u043d\u0443\u0442\" \/>\n<script type=\"application\/ld+json\" class=\"yoast-schema-graph\">{\"@context\":\"https:\\\/\\\/schema.org\",\"@graph\":[{\"@type\":\"WebPage\",\"@id\":\"https:\\\/\\\/beyondbelgrade.com\\\/sr\\\/oglasavaj-se\\\/\",\"url\":\"https:\\\/\\\/beyondbelgrade.com\\\/sr\\\/oglasavaj-se\\\/\",\"name\":\"Ogla\u0161avaj se - Beyond Belgrade\",\"isPartOf\":{\"@id\":\"https:\\\/\\\/beyondbelgrade.com\\\/sr\\\/#website\"},\"datePublished\":\"2024-01-02T13:12:08+00:00\",\"dateModified\":\"2025-09-16T15:43:42+00:00\",\"breadcrumb\":{\"@id\":\"https:\\\/\\\/beyondbelgrade.com\\\/sr\\\/oglasavaj-se\\\/#breadcrumb\"},\"inLanguage\":\"sr-RS\",\"potentialAction\":[{\"@type\":\"ReadAction\",\"target\":[\"https:\\\/\\\/beyondbelgrade.com\\\/sr\\\/oglasavaj-se\\\/\"]}]},{\"@type\":\"BreadcrumbList\",\"@id\":\"https:\\\/\\\/beyondbelgrade.com\\\/sr\\\/oglasavaj-se\\\/#breadcrumb\",\"itemListElement\":[{\"@type\":\"ListItem\",\"position\":1,\"name\":\"Home\",\"item\":\"https:\\\/\\\/beyondbelgrade.com\\\/sr\\\/pocetna\\\/\"},{\"@type\":\"ListItem\",\"position\":2,\"name\":\"Ogla\u0161avaj se\"}]},{\"@type\":\"WebSite\",\"@id\":\"https:\\\/\\\/beyondbelgrade.com\\\/sr\\\/#website\",\"url\":\"https:\\\/\\\/beyondbelgrade.com\\\/sr\\\/\",\"name\":\"Beyond Belgrade\",\"description\":\"\",\"potentialAction\":[{\"@type\":\"SearchAction\",\"target\":{\"@type\":\"EntryPoint\",\"urlTemplate\":\"https:\\\/\\\/beyondbelgrade.com\\\/sr\\\/?s={search_term_string}\"},\"query-input\":{\"@type\":\"PropertyValueSpecification\",\"valueRequired\":true,\"valueName\":\"search_term_string\"}}],\"inLanguage\":\"sr-RS\"}]}<\/script>\n<!-- \/ Yoast SEO plugin. -->","yoast_head_json":{"title":"Ogla\u0161avaj se - Beyond Belgrade","robots":{"index":"index","follow":"follow","max-snippet":"max-snippet:-1","max-image-preview":"max-image-preview:large","max-video-preview":"max-video-preview:-1"},"canonical":"https:\/\/beyondbelgrade.com\/sr\/oglasavaj-se\/","og_locale":"sr_RS","og_type":"article","og_title":"Ogla\u0161avaj se - Beyond Belgrade","og_description":"Ogla\u0161avaj se. Dosegni nove kupce. Prava publika. Na\u0161 sajt je centar za turiste i ljubitelje putovanja koji planiraju da posete Beograd. Ogla\u0161avanje kod nas zna\u010di da tvoja poruka dopire do anga\u017eovane, putovanjima vi\u010dne publike koja aktivno tra\u017ei preporuke restorana, vodi\u010de za barove i jedinstvena iskustva u Beogradu. Inovativna platforma. Koristimo AI tehnologiju da pru\u017eimo dinami\u010dan, [&hellip;]","og_url":"https:\/\/beyondbelgrade.com\/sr\/oglasavaj-se\/","og_site_name":"Beyond Belgrade","article_modified_time":"2025-09-16T15:43:42+00:00","og_image":[{"width":800,"height":275,"url":"https:\/\/beyondbelgrade.com\/wp-content\/uploads\/2023\/06\/Beyond-Belgrade.png","type":"image\/png"}],"twitter_card":"summary_large_image","twitter_misc":{"\u041f\u0440\u043e\u0446\u0435\u045a\u0435\u043d\u043e \u0432\u0440\u0435\u043c\u0435 \u0447\u0438\u0442\u0430\u045a\u0430":"1 \u043c\u0438\u043d\u0443\u0442"},"schema":{"@context":"https:\/\/schema.org","@graph":[{"@type":"WebPage","@id":"https:\/\/beyondbelgrade.com\/sr\/oglasavaj-se\/","url":"https:\/\/beyondbelgrade.com\/sr\/oglasavaj-se\/","name":"Ogla\u0161avaj se - Beyond Belgrade","isPartOf":{"@id":"https:\/\/beyondbelgrade.com\/sr\/#website"},"datePublished":"2024-01-02T13:12:08+00:00","dateModified":"2025-09-16T15:43:42+00:00","breadcrumb":{"@id":"https:\/\/beyondbelgrade.com\/sr\/oglasavaj-se\/#breadcrumb"},"inLanguage":"sr-RS","potentialAction":[{"@type":"ReadAction","target":["https:\/\/beyondbelgrade.com\/sr\/oglasavaj-se\/"]}]},{"@type":"BreadcrumbList","@id":"https:\/\/beyondbelgrade.com\/sr\/oglasavaj-se\/#breadcrumb","itemListElement":[{"@type":"ListItem","position":1,"name":"Home","item":"https:\/\/beyondbelgrade.com\/sr\/pocetna\/"},{"@type":"ListItem","position":2,"name":"Ogla\u0161avaj se"}]},{"@type":"WebSite","@id":"https:\/\/beyondbelgrade.com\/sr\/#website","url":"https:\/\/beyondbelgrade.com\/sr\/","name":"Beyond Belgrade","description":"","potentialAction":[{"@type":"SearchAction","target":{"@type":"EntryPoint","urlTemplate":"https:\/\/beyondbelgrade.com\/sr\/?s={search_term_string}"},"query-input":{"@type":"PropertyValueSpecification","valueRequired":true,"valueName":"search_term_string"}}],"inLanguage":"sr-RS"}]}},"uagb_featured_image_src":{"full":false,"thumbnail":false,"medium":false,"medium_large":false,"large":false,"1536x1536":false,"2048x2048":false},"uagb_author_info":{"display_name":"beyondbelgrade.com","author_link":"https:\/\/beyondbelgrade.com\/sr\/author\/beyondbelgrade-com\/"},"uagb_comment_info":0,"uagb_excerpt":"Ogla\u0161avaj se. Dosegni nove kupce. Prava publika. Na\u0161 sajt je centar za turiste i ljubitelje putovanja koji planiraju da posete Beograd. Ogla\u0161avanje kod nas zna\u010di da tvoja poruka dopire do anga\u017eovane, putovanjima vi\u010dne publike koja aktivno tra\u017ei preporuke restorana, vodi\u010de za barove i jedinstvena iskustva u Beogradu. Inovativna platforma. Koristimo AI tehnologiju da pru\u017eimo dinami\u010dan,&hellip;","_links":{"self":[{"href":"https:\/\/beyondbelgrade.com\/sr\/wp-json\/wp\/v2\/pages\/3321","targetHints":{"allow":["GET"]}}],"collection":[{"href":"https:\/\/beyondbelgrade.com\/sr\/wp-json\/wp\/v2\/pages"}],"about":[{"href":"https:\/\/beyondbelgrade.com\/sr\/wp-json\/wp\/v2\/types\/page"}],"author":[{"embeddable":true,"href":"https:\/\/beyondbelgrade.com\/sr\/wp-json\/wp\/v2\/users\/1"}],"replies":[{"embeddable":true,"href":"https:\/\/beyondbelgrade.com\/sr\/wp-json\/wp\/v2\/comments?post=3321"}],"version-history":[{"count":1,"href":"https:\/\/beyondbelgrade.com\/sr\/wp-json\/wp\/v2\/pages\/3321\/revisions"}],"predecessor-version":[{"id":3322,"href":"https:\/\/beyondbelgrade.com\/sr\/wp-json\/wp\/v2\/pages\/3321\/revisions\/3322"}],"wp:attachment":[{"href":"https:\/\/beyondbelgrade.com\/sr\/wp-json\/wp\/v2\/media?parent=3321"}],"curies":[{"name":"wp","href":"https:\/\/api.w.org\/{rel}","templated":true}]}}