{"id":3319,"date":"2024-03-22T16:19:47","date_gmt":"2024-03-22T15:19:47","guid":{"rendered":"https:\/\/beyondbelgrade.com\/o-nama\/"},"modified":"2025-09-16T17:43:02","modified_gmt":"2025-09-16T15:43:02","slug":"o-nama","status":"publish","type":"page","link":"https:\/\/beyondbelgrade.com\/sr\/o-nama\/","title":{"rendered":"O nama"},"content":{"rendered":"\n<div class=\"wp-block-uagb-container uagb-block-a7cfae60 alignfull uagb-is-root-container\"><div class=\"uagb-container-inner-blocks-wrap\">\n<div class=\"wp-block-uagb-advanced-heading uagb-block-36872e84\"><h1 class=\"uagb-heading-text\">O nama.<\/h1><\/div>\n<\/div><\/div>\n\n<div class=\"wp-block-uagb-container uagb-block-19e21f50 alignfull uagb-is-root-container\"><div class=\"uagb-container-inner-blocks-wrap\">\n<div class=\"wp-block-uagb-container uagb-block-6b1d99c3\">\n<div class=\"wp-block-uagb-advanced-heading uagb-block-f806d1f4\"><h2 class=\"uagb-heading-text\">pokrenut 2023.<\/h2><\/div>\n<\/div>\n\n\n\n<div class=\"wp-block-uagb-container uagb-block-1cd822df\">\n<div class=\"wp-block-uagb-info-box uagb-block-1b914165 uagb-infobox__content-wrap  uagb-infobox-icon-above-title uagb-infobox-image-valign-top\"><div class=\"uagb-ifb-content\"><div class=\"uagb-ifb-title-wrap\"><span class=\"uagb-ifb-title-prefix\"><strong>Dobrodo\u0161li na BeyondBelgrade.com, uzbudljivu granicu istra\u017eivanja putovanja. Upu\u0161tamo se u dru\u0161tveni onlajn eksperiment i projekat koji \u0107e revolucionisati turisti\u010dku industriju koriste\u0107i mo\u0107 ve\u0161ta\u010dke inteligencije. Na\u0161a misija je da otkrijemo skrivena blaga Beograda, zaokupljaju\u0107i tvoju ma\u0161tu i redefini\u0161u\u0107i tvoje putni\u010dko iskustvo.  <\/strong><\/span><\/div><p class=\"uagb-ifb-desc\">Spojem AI tehnologije i ljudskog dodira na\u0161ih ve\u0161tih urednika, pripremamo kolekciju zadivljuju\u0107eg sadr\u017eaja koji \u0107e probuditi tvoju \u017eelju za putovanjem i preneti te u srce i du\u0161u ovog izvanrednog grada. Kroz na\u0161e opse\u017eno istra\u017eivanje i analizu onlajn medija, recenzija sa platformi kao \u0161to su Google i TripAdvisor, pru\u017eamo ti pouzdane informacije i stru\u010dne preporuke. <br\/><br\/>Ali tu se ne zaustavljamo. Verujemo u mo\u0107 zajednice i pozivamo te da nam se pridru\u017ei\u0161 na ovom izvanrednom putovanju. Podeli svoja otkri\u0107a, sara\u0111uj sa nama i postani vitalni deo BeyondBelgrade.com iskustva. Zajedno \u0107emo otkriti skrivene kutke, otklju\u010dati izvanredne avanture i stvoriti uspomene koje \u0107e trajati ceo \u017eivot.   <br\/><br\/>Jesi li spreman da se upusti\u0161 van uobi\u010dajenog? Pridru\u017ei nam se na BeyondBelgrade.com i hajde da redefini\u0161emo na\u010din na koji istra\u017eujemo, otkrivamo i povezujemo se sa svetom.   <br\/><br\/>Avantura \u010deka!<\/p><\/div><\/div>\n<\/div>\n<\/div><\/div>\n\n<div class=\"wp-block-uagb-container uagb-block-889e5ebc alignfull uagb-is-root-container\"><div class=\"uagb-container-inner-blocks-wrap\">\n<div class=\"wp-block-uagb-container uagb-block-d6956898\">\n<div class=\"wp-block-uagb-advanced-heading uagb-block-f5aeba5a\"><h2 class=\"uagb-heading-text\">Misija.<\/h2><p class=\"uagb-desc-text\">Na\u0161a misija je da koristimo AI tehnologiju kako bismo Beograd predstavili kao zadivljuju\u0107u turisti\u010dku destinaciju i putnicima pru\u017eili personalizovane preporuke i uvide.<\/p><\/div>\n<\/div>\n\n\n\n<div class=\"wp-block-uagb-container uagb-block-73065001\">\n<div class=\"wp-block-uagb-advanced-heading uagb-block-68ced2bc\"><h2 class=\"uagb-heading-text\">Vizija.<\/h2><p class=\"uagb-desc-text\">Na\u0161a vizija je da budemo na \u010delu putni\u010dkih platformi pokretanih ve\u0161ta\u010dkom inteligencijom, revolucioni\u0161u\u0107i na\u010din na koji ljudi istra\u017euju i do\u017eivljavaju Beograd, \u010dine\u0107i svako putovanje nezaboravnim.<\/p><\/div>\n<\/div>\n\n\n\n<div class=\"wp-block-uagb-container uagb-block-e85b7525\">\n<div class=\"wp-block-uagb-advanced-heading uagb-block-80c125ef\"><h2 class=\"uagb-heading-text\">Vrednosti.<\/h2><\/div>\n\n\n\n<div class=\"wp-block-uagb-icon-list uagb-block-b5c132bd\"><div class=\"uagb-icon-list__wrap\">\n<div class=\"wp-block-uagb-icon-list-child uagb-block-5bbfc6da\"><a target=\"_self\" aria-label=\"Innovation: We embrace cutting-edge AI technology to deliver dynamic content to enhance your travel experiences.\" rel=\"noopener noreferrer\" href=\"#\"> <\/a><span class=\"uagb-icon-list__source-wrap\"><svg xmlns=\"https:\/\/www.w3.org\/2000\/svg\" viewbox=\"0 0 256 512\"><path d=\"M118.6 105.4l128 127.1C252.9 239.6 256 247.8 256 255.1s-3.125 16.38-9.375 22.63l-128 127.1c-9.156 9.156-22.91 11.9-34.88 6.943S64 396.9 64 383.1V128c0-12.94 7.781-24.62 19.75-29.58S109.5 96.23 118.6 105.4z\"><\/path><\/svg><\/span><span class=\"uagb-icon-list__label\"><strong>Inovacija:<\/strong> Prihvatamo najsavremeniju AI tehnologiju kako bismo isporu\u010dili dinami\u010dan sadr\u017eaj koji \u0107e pobolj\u0161ati tvoja putni\u010dka iskustva.<\/span><\/div>\n\n\n\n<div class=\"wp-block-uagb-icon-list-child uagb-block-a07aa664\"><a target=\"_self\" aria-label=\"Authenticity: We prioritize the authenticity of our content, ensuring that travelers receive reliable and fun information about Belgrade.\" rel=\"noopener noreferrer\" href=\"#\"> <\/a><span class=\"uagb-icon-list__source-wrap\"><svg xmlns=\"https:\/\/www.w3.org\/2000\/svg\" viewbox=\"0 0 256 512\"><path d=\"M118.6 105.4l128 127.1C252.9 239.6 256 247.8 256 255.1s-3.125 16.38-9.375 22.63l-128 127.1c-9.156 9.156-22.91 11.9-34.88 6.943S64 396.9 64 383.1V128c0-12.94 7.781-24.62 19.75-29.58S109.5 96.23 118.6 105.4z\"><\/path><\/svg><\/span><span class=\"uagb-icon-list__label\"><strong>Autenti\u010dnost:<\/strong> Prioritet nam je autenti\u010dnost na\u0161eg sadr\u017eaja, obezbe\u0111uju\u0107i da putnici dobiju pouzdane i zabavne informacije o Beogradu.<\/span><\/div>\n\n\n\n<div class=\"wp-block-uagb-icon-list-child uagb-block-dabba3c3\"><a target=\"_self\" aria-label=\"Adventure: We encourage a spirit of exploration and adventure, promoting off-the-beaten-path spots and encouraging travelers to discover the hidden treasures of Belgrade.\" rel=\"noopener noreferrer\" href=\"#\"> <\/a><span class=\"uagb-icon-list__source-wrap\"><svg xmlns=\"https:\/\/www.w3.org\/2000\/svg\" viewbox=\"0 0 256 512\"><path d=\"M118.6 105.4l128 127.1C252.9 239.6 256 247.8 256 255.1s-3.125 16.38-9.375 22.63l-128 127.1c-9.156 9.156-22.91 11.9-34.88 6.943S64 396.9 64 383.1V128c0-12.94 7.781-24.62 19.75-29.58S109.5 96.23 118.6 105.4z\"><\/path><\/svg><\/span><span class=\"uagb-icon-list__label\"><strong>Avantura:<\/strong> Podsti\u010demo duh istra\u017eivanja i avanture, promovi\u0161u\u0107i manje poznata mesta i ohrabrujemo putnike da otkriju skrivena blaga Beograda.<\/span><\/div>\n<\/div><\/div>\n<\/div>\n<\/div><\/div>\n","protected":false},"excerpt":{"rendered":"<p>O nama. pokrenut 2023. Misija. Na\u0161a misija je da koristimo AI tehnologiju kako bismo Beograd predstavili kao zadivljuju\u0107u turisti\u010dku destinaciju i putnicima pru\u017eili personalizovane preporuke i uvide. Vizija. Na\u0161a vizija je da budemo na \u010delu putni\u010dkih platformi pokretanih ve\u0161ta\u010dkom inteligencijom, revolucioni\u0161u\u0107i na\u010din na koji ljudi istra\u017euju i do\u017eivljavaju Beograd, \u010dine\u0107i svako putovanje nezaboravnim. Vrednosti.<\/p>\n","protected":false},"author":1,"featured_media":0,"parent":0,"menu_order":0,"comment_status":"closed","ping_status":"closed","template":"","meta":{"_uag_custom_page_level_css":"","site-sidebar-layout":"no-sidebar","site-content-layout":"plain-container","ast-site-content-layout":"normal-width-container","site-content-style":"unboxed","site-sidebar-style":"unboxed","ast-global-header-display":"","ast-banner-title-visibility":"","ast-main-header-display":"","ast-hfb-above-header-display":"","ast-hfb-below-header-display":"","ast-hfb-mobile-header-display":"","site-post-title":"disabled","ast-breadcrumbs-content":"","ast-featured-img":"disabled","footer-sml-layout":"","theme-transparent-header-meta":"enabled","adv-header-id-meta":"","stick-header-meta":"","header-above-stick-meta":"","header-main-stick-meta":"","header-below-stick-meta":"","astra-migrate-meta-layouts":"default","ast-page-background-enabled":"default","ast-page-background-meta":{"desktop":{"background-color":"","background-image":"","background-repeat":"repeat","background-position":"center center","background-size":"auto","background-attachment":"scroll","background-type":"","background-media":"","overlay-type":"","overlay-color":"","overlay-opacity":"","overlay-gradient":""},"tablet":{"background-color":"","background-image":"","background-repeat":"repeat","background-position":"center center","background-size":"auto","background-attachment":"scroll","background-type":"","background-media":"","overlay-type":"","overlay-color":"","overlay-opacity":"","overlay-gradient":""},"mobile":{"background-color":"","background-image":"","background-repeat":"repeat","background-position":"center center","background-size":"auto","background-attachment":"scroll","background-type":"","background-media":"","overlay-type":"","overlay-color":"","overlay-opacity":"","overlay-gradient":""}},"ast-content-background-meta":{"desktop":{"background-color":"var(--ast-global-color-5)","background-image":"","background-repeat":"repeat","background-position":"center center","background-size":"auto","background-attachment":"scroll","background-type":"","background-media":"","overlay-type":"","overlay-color":"","overlay-opacity":"","overlay-gradient":""},"tablet":{"background-color":"var(--ast-global-color-5)","background-image":"","background-repeat":"repeat","background-position":"center center","background-size":"auto","background-attachment":"scroll","background-type":"","background-media":"","overlay-type":"","overlay-color":"","overlay-opacity":"","overlay-gradient":""},"mobile":{"background-color":"var(--ast-global-color-5)","background-image":"","background-repeat":"repeat","background-position":"center center","background-size":"auto","background-attachment":"scroll","background-type":"","background-media":"","overlay-type":"","overlay-color":"","overlay-opacity":"","overlay-gradient":""}},"footnotes":""},"class_list":["post-3319","page","type-page","status-publish","hentry"],"yoast_head":"<!-- This site is optimized with the Yoast SEO plugin v27.3 - https:\/\/yoast.com\/product\/yoast-seo-wordpress\/ -->\n<title>O nama - Beyond Belgrade<\/title>\n<meta name=\"robots\" content=\"index, follow, max-snippet:-1, max-image-preview:large, max-video-preview:-1\" \/>\n<link rel=\"canonical\" href=\"https:\/\/beyondbelgrade.com\/sr\/o-nama\/\" \/>\n<meta property=\"og:locale\" content=\"sr_RS\" \/>\n<meta property=\"og:type\" content=\"article\" \/>\n<meta property=\"og:title\" content=\"O nama - Beyond Belgrade\" \/>\n<meta property=\"og:description\" content=\"O nama. pokrenut 2023. Misija. Na\u0161a misija je da koristimo AI tehnologiju kako bismo Beograd predstavili kao zadivljuju\u0107u turisti\u010dku destinaciju i putnicima pru\u017eili personalizovane preporuke i uvide. Vizija. Na\u0161a vizija je da budemo na \u010delu putni\u010dkih platformi pokretanih ve\u0161ta\u010dkom inteligencijom, revolucioni\u0161u\u0107i na\u010din na koji ljudi istra\u017euju i do\u017eivljavaju Beograd, \u010dine\u0107i svako putovanje nezaboravnim. Vrednosti.\" \/>\n<meta property=\"og:url\" content=\"https:\/\/beyondbelgrade.com\/sr\/o-nama\/\" \/>\n<meta property=\"og:site_name\" content=\"Beyond Belgrade\" \/>\n<meta property=\"article:modified_time\" content=\"2025-09-16T15:43:02+00:00\" \/>\n<meta property=\"og:image\" content=\"https:\/\/beyondbelgrade.com\/wp-content\/uploads\/2023\/06\/Beyond-Belgrade.png\" \/>\n\t<meta property=\"og:image:width\" content=\"800\" \/>\n\t<meta property=\"og:image:height\" content=\"275\" \/>\n\t<meta property=\"og:image:type\" content=\"image\/png\" \/>\n<meta name=\"twitter:card\" content=\"summary_large_image\" \/>\n<meta name=\"twitter:label1\" content=\"\u041f\u0440\u043e\u0446\u0435\u045a\u0435\u043d\u043e \u0432\u0440\u0435\u043c\u0435 \u0447\u0438\u0442\u0430\u045a\u0430\" \/>\n\t<meta name=\"twitter:data1\" content=\"2 \u043c\u0438\u043d\u0443\u0442\u0430\" \/>\n<script type=\"application\/ld+json\" class=\"yoast-schema-graph\">{\"@context\":\"https:\\\/\\\/schema.org\",\"@graph\":[{\"@type\":\"WebPage\",\"@id\":\"https:\\\/\\\/beyondbelgrade.com\\\/sr\\\/o-nama\\\/\",\"url\":\"https:\\\/\\\/beyondbelgrade.com\\\/sr\\\/o-nama\\\/\",\"name\":\"O nama - Beyond Belgrade\",\"isPartOf\":{\"@id\":\"https:\\\/\\\/beyondbelgrade.com\\\/sr\\\/#website\"},\"datePublished\":\"2024-03-22T15:19:47+00:00\",\"dateModified\":\"2025-09-16T15:43:02+00:00\",\"breadcrumb\":{\"@id\":\"https:\\\/\\\/beyondbelgrade.com\\\/sr\\\/o-nama\\\/#breadcrumb\"},\"inLanguage\":\"sr-RS\",\"potentialAction\":[{\"@type\":\"ReadAction\",\"target\":[\"https:\\\/\\\/beyondbelgrade.com\\\/sr\\\/o-nama\\\/\"]}]},{\"@type\":\"BreadcrumbList\",\"@id\":\"https:\\\/\\\/beyondbelgrade.com\\\/sr\\\/o-nama\\\/#breadcrumb\",\"itemListElement\":[{\"@type\":\"ListItem\",\"position\":1,\"name\":\"Home\",\"item\":\"https:\\\/\\\/beyondbelgrade.com\\\/sr\\\/pocetna\\\/\"},{\"@type\":\"ListItem\",\"position\":2,\"name\":\"O nama\"}]},{\"@type\":\"WebSite\",\"@id\":\"https:\\\/\\\/beyondbelgrade.com\\\/sr\\\/#website\",\"url\":\"https:\\\/\\\/beyondbelgrade.com\\\/sr\\\/\",\"name\":\"Beyond Belgrade\",\"description\":\"\",\"potentialAction\":[{\"@type\":\"SearchAction\",\"target\":{\"@type\":\"EntryPoint\",\"urlTemplate\":\"https:\\\/\\\/beyondbelgrade.com\\\/sr\\\/?s={search_term_string}\"},\"query-input\":{\"@type\":\"PropertyValueSpecification\",\"valueRequired\":true,\"valueName\":\"search_term_string\"}}],\"inLanguage\":\"sr-RS\"}]}<\/script>\n<!-- \/ Yoast SEO plugin. -->","yoast_head_json":{"title":"O nama - Beyond Belgrade","robots":{"index":"index","follow":"follow","max-snippet":"max-snippet:-1","max-image-preview":"max-image-preview:large","max-video-preview":"max-video-preview:-1"},"canonical":"https:\/\/beyondbelgrade.com\/sr\/o-nama\/","og_locale":"sr_RS","og_type":"article","og_title":"O nama - Beyond Belgrade","og_description":"O nama. pokrenut 2023. Misija. Na\u0161a misija je da koristimo AI tehnologiju kako bismo Beograd predstavili kao zadivljuju\u0107u turisti\u010dku destinaciju i putnicima pru\u017eili personalizovane preporuke i uvide. Vizija. Na\u0161a vizija je da budemo na \u010delu putni\u010dkih platformi pokretanih ve\u0161ta\u010dkom inteligencijom, revolucioni\u0161u\u0107i na\u010din na koji ljudi istra\u017euju i do\u017eivljavaju Beograd, \u010dine\u0107i svako putovanje nezaboravnim. Vrednosti.","og_url":"https:\/\/beyondbelgrade.com\/sr\/o-nama\/","og_site_name":"Beyond Belgrade","article_modified_time":"2025-09-16T15:43:02+00:00","og_image":[{"width":800,"height":275,"url":"https:\/\/beyondbelgrade.com\/wp-content\/uploads\/2023\/06\/Beyond-Belgrade.png","type":"image\/png"}],"twitter_card":"summary_large_image","twitter_misc":{"\u041f\u0440\u043e\u0446\u0435\u045a\u0435\u043d\u043e \u0432\u0440\u0435\u043c\u0435 \u0447\u0438\u0442\u0430\u045a\u0430":"2 \u043c\u0438\u043d\u0443\u0442\u0430"},"schema":{"@context":"https:\/\/schema.org","@graph":[{"@type":"WebPage","@id":"https:\/\/beyondbelgrade.com\/sr\/o-nama\/","url":"https:\/\/beyondbelgrade.com\/sr\/o-nama\/","name":"O nama - Beyond Belgrade","isPartOf":{"@id":"https:\/\/beyondbelgrade.com\/sr\/#website"},"datePublished":"2024-03-22T15:19:47+00:00","dateModified":"2025-09-16T15:43:02+00:00","breadcrumb":{"@id":"https:\/\/beyondbelgrade.com\/sr\/o-nama\/#breadcrumb"},"inLanguage":"sr-RS","potentialAction":[{"@type":"ReadAction","target":["https:\/\/beyondbelgrade.com\/sr\/o-nama\/"]}]},{"@type":"BreadcrumbList","@id":"https:\/\/beyondbelgrade.com\/sr\/o-nama\/#breadcrumb","itemListElement":[{"@type":"ListItem","position":1,"name":"Home","item":"https:\/\/beyondbelgrade.com\/sr\/pocetna\/"},{"@type":"ListItem","position":2,"name":"O nama"}]},{"@type":"WebSite","@id":"https:\/\/beyondbelgrade.com\/sr\/#website","url":"https:\/\/beyondbelgrade.com\/sr\/","name":"Beyond Belgrade","description":"","potentialAction":[{"@type":"SearchAction","target":{"@type":"EntryPoint","urlTemplate":"https:\/\/beyondbelgrade.com\/sr\/?s={search_term_string}"},"query-input":{"@type":"PropertyValueSpecification","valueRequired":true,"valueName":"search_term_string"}}],"inLanguage":"sr-RS"}]}},"uagb_featured_image_src":{"full":false,"thumbnail":false,"medium":false,"medium_large":false,"large":false,"1536x1536":false,"2048x2048":false},"uagb_author_info":{"display_name":"beyondbelgrade.com","author_link":"https:\/\/beyondbelgrade.com\/sr\/author\/beyondbelgrade-com\/"},"uagb_comment_info":0,"uagb_excerpt":"O nama. pokrenut 2023. Misija. Na\u0161a misija je da koristimo AI tehnologiju kako bismo Beograd predstavili kao zadivljuju\u0107u turisti\u010dku destinaciju i putnicima pru\u017eili personalizovane preporuke i uvide. Vizija. Na\u0161a vizija je da budemo na \u010delu putni\u010dkih platformi pokretanih ve\u0161ta\u010dkom inteligencijom, revolucioni\u0161u\u0107i na\u010din na koji ljudi istra\u017euju i do\u017eivljavaju Beograd, \u010dine\u0107i svako putovanje nezaboravnim. Vrednosti.","_links":{"self":[{"href":"https:\/\/beyondbelgrade.com\/sr\/wp-json\/wp\/v2\/pages\/3319","targetHints":{"allow":["GET"]}}],"collection":[{"href":"https:\/\/beyondbelgrade.com\/sr\/wp-json\/wp\/v2\/pages"}],"about":[{"href":"https:\/\/beyondbelgrade.com\/sr\/wp-json\/wp\/v2\/types\/page"}],"author":[{"embeddable":true,"href":"https:\/\/beyondbelgrade.com\/sr\/wp-json\/wp\/v2\/users\/1"}],"replies":[{"embeddable":true,"href":"https:\/\/beyondbelgrade.com\/sr\/wp-json\/wp\/v2\/comments?post=3319"}],"version-history":[{"count":1,"href":"https:\/\/beyondbelgrade.com\/sr\/wp-json\/wp\/v2\/pages\/3319\/revisions"}],"predecessor-version":[{"id":3320,"href":"https:\/\/beyondbelgrade.com\/sr\/wp-json\/wp\/v2\/pages\/3319\/revisions\/3320"}],"wp:attachment":[{"href":"https:\/\/beyondbelgrade.com\/sr\/wp-json\/wp\/v2\/media?parent=3319"}],"curies":[{"name":"wp","href":"https:\/\/api.w.org\/{rel}","templated":true}]}}